{"id":1352,"date":"2018-08-30T11:34:44","date_gmt":"2018-08-30T11:34:44","guid":{"rendered":"https:\/\/www.espacosocial.pt\/laribamondego\/?page_id=1352"},"modified":"2018-08-31T11:49:43","modified_gmt":"2018-08-31T11:49:43","slug":"jornal-o-velhote","status":"publish","type":"page","link":"https:\/\/www.espacosocial.pt\/laribamondego\/?page_id=1352","title":{"rendered":"Jornal &#8220;O Velhote&#8221;"},"content":{"rendered":"<p>Aceda ao nosso jornal. Edi\u00e7\u00e3o 52 j\u00e1 dispon\u00edvel.<\/p>\n<ul>\n<li><a href=\"https:\/\/www.espacosocial.pt\/laribamondego\/wp-content\/uploads\/2018\/08\/velhote-52.pdf\">Descarregar<\/a><\/li>\n<\/ul>\n","protected":false},"excerpt":{"rendered":"<p>Aceda ao nosso jornal. Edi\u00e7\u00e3o 52 j\u00e1 dispon\u00edvel. Descarregar<\/p>\n","protected":false},"author":1,"featured_media":1374,"parent":0,"menu_order":0,"comment_status":"closed","ping_status":"closed","template":"template-fullwidth.php","meta":{"footnotes":""},"class_list":["post-1352","page","type-page","status-publish","has-post-thumbnail","hentry"],"_links":{"self":[{"href":"https:\/\/www.espacosocial.pt\/laribamondego\/index.php?rest_route=\/wp\/v2\/pages\/1352","targetHints":{"allow":["GET"]}}],"collection":[{"href":"https:\/\/www.espacosocial.pt\/laribamondego\/index.php?rest_route=\/wp\/v2\/pages"}],"about":[{"href":"https:\/\/www.espacosocial.pt\/laribamondego\/index.php?rest_route=\/wp\/v2\/types\/page"}],"author":[{"embeddable":true,"href":"https:\/\/www.espacosocial.pt\/laribamondego\/index.php?rest_route=\/wp\/v2\/users\/1"}],"replies":[{"embeddable":true,"href":"https:\/\/www.espacosocial.pt\/laribamondego\/index.php?rest_route=%2Fwp%2Fv2%2Fcomments&post=1352"}],"version-history":[{"count":3,"href":"https:\/\/www.espacosocial.pt\/laribamondego\/index.php?rest_route=\/wp\/v2\/pages\/1352\/revisions"}],"predecessor-version":[{"id":1414,"href":"https:\/\/www.espacosocial.pt\/laribamondego\/index.php?rest_route=\/wp\/v2\/pages\/1352\/revisions\/1414"}],"wp:featuredmedia":[{"embeddable":true,"href":"https:\/\/www.espacosocial.pt\/laribamondego\/index.php?rest_route=\/wp\/v2\/media\/1374"}],"wp:attachment":[{"href":"https:\/\/www.espacosocial.pt\/laribamondego\/index.php?rest_route=%2Fwp%2Fv2%2Fmedia&parent=1352"}],"curies":[{"name":"wp","href":"https:\/\/api.w.org\/{rel}","templated":true}]}}